{"id":27,"date":"2024-11-11T20:17:17","date_gmt":"2024-11-11T20:17:17","guid":{"rendered":"https:\/\/documenta.org.mx\/somos-comunidad\/?page_id=27"},"modified":"2024-11-20T15:50:42","modified_gmt":"2024-11-20T21:50:42","slug":"lo-personal-es-politico","status":"publish","type":"page","link":"https:\/\/www.documenta.org.mx\/somos-comunidad\/lo-personal-es-politico\/","title":{"rendered":"Lo personal es pol\u00edtico"},"content":{"rendered":"\n<div class=\"wp-block-columns alignfull are-vertically-aligned-center bg-1 has-blanco-color has-color-3-background-color has-text-color has-background has-link-color wp-elements-08c6cb61c5e8aedf06fe73111a772eb1 is-layout-flex wp-container-core-columns-is-layout-9d6595d7 wp-block-columns-is-layout-flex\">\n<div class=\"wp-block-column is-vertically-aligned-center coblocks-animate is-layout-flow wp-block-column-is-layout-flow\" style=\"flex-basis:50%\" data-coblocks-animation=\"slideInLeft\">\n<div class=\"wp-block-cover\" style=\"padding-top:var(--wp--preset--spacing--80);padding-right:var(--wp--preset--spacing--80);padding-bottom:var(--wp--preset--spacing--80);padding-left:var(--wp--preset--spacing--80);min-height:50vw;aspect-ratio:unset;\"><span aria-hidden=\"true\" class=\"wp-block-cover__background has-color-5-background-color has-background-dim-0 has-background-dim\"><\/span><img loading=\"lazy\" decoding=\"async\" width=\"1200\" height=\"1200\" class=\"wp-block-cover__image-background wp-image-125\" alt=\"Mujeres hablando por se\u00f1as en un panel de la comunidad de aprendizaje\" src=\"http:\/\/documenta.org.mx\/somos-comunidad\/wp-content\/uploads\/2024\/11\/mujeres-hablando-panel.jpg\" data-object-fit=\"cover\" srcset=\"https:\/\/www.documenta.org.mx\/somos-comunidad\/wp-content\/uploads\/2024\/11\/mujeres-hablando-panel.jpg 1200w, https:\/\/www.documenta.org.mx\/somos-comunidad\/wp-content\/uploads\/2024\/11\/mujeres-hablando-panel-300x300.jpg 300w, https:\/\/www.documenta.org.mx\/somos-comunidad\/wp-content\/uploads\/2024\/11\/mujeres-hablando-panel-1024x1024.jpg 1024w, https:\/\/www.documenta.org.mx\/somos-comunidad\/wp-content\/uploads\/2024\/11\/mujeres-hablando-panel-150x150.jpg 150w, https:\/\/www.documenta.org.mx\/somos-comunidad\/wp-content\/uploads\/2024\/11\/mujeres-hablando-panel-768x768.jpg 768w\" sizes=\"auto, (max-width: 1200px) 100vw, 1200px\" \/><div class=\"wp-block-cover__inner-container is-layout-constrained wp-container-core-cover-is-layout-c961757b wp-block-cover-is-layout-constrained\">\n<p class=\"has-text-align-center has-large-font-size\"><\/p>\n<\/div><\/div>\n<\/div>\n\n\n\n<div class=\"wp-block-column is-vertically-aligned-center is-layout-flow wp-block-column-is-layout-flow\" style=\"padding-top:var(--wp--preset--spacing--30);padding-right:var(--wp--preset--spacing--40);padding-bottom:var(--wp--preset--spacing--30);padding-left:var(--wp--preset--spacing--40)\">\n<h2 class=\"wp-block-heading has-blanco-color has-text-color has-link-color wp-elements-340f3e6a09b46c7a032adcb70768e70c\">Lo personal es pol\u00edtico<\/h2>\n\n\n\n<p>De acuerdo al Censo de Poblaci\u00f3n y Vivienda 2020, en M\u00e9xico viven 6, 179, 890 personas con alg\u00fan tipo de discapacidad. De las cuales, el 53% son mujeres y el 47% son hombres.}<\/p>\n\n\n\n<p>Las mujeres con discapacidad constituyen una poblaci\u00f3n diversa con diferentes historias de vida. Entre ellas se incluyen mujeres ind\u00edgenas, afroamexicanas, desplazadas, migrantes, de la diversidad sexual, con condiciones de salud, privadas de la libertad, en situaci\u00f3n de pobreza, entre otras.<\/p>\n<\/div>\n<\/div>\n\n\n\n<p class=\"has-text-align-left\">Hist\u00f3ricamente las leyes, pol\u00edticas y programas no han atendido las problem\u00e1ticas que enfrentan las mujeres con discapacidad. <strong>La invisibilizaci\u00f3n de sus necesidades y demandas las pone en mayor riesgo de sufrir discriminaci\u00f3n m\u00faltiple e interseccional, violencias y abusos.<\/strong><\/p>\n\n\n\n<p class=\"has-text-align-left\">Las mujeres con discapacidad afrontan obst\u00e1culos en la mayor\u00eda de los \u00e1mbitos de la vida, algunos de estos son:<\/p>\n\n\n\n<div class=\"wp-block-columns alignfull are-vertically-aligned-center has-blanco-color has-color-4-background-color has-text-color has-background has-link-color wp-elements-5da51149ea3bfa6f57fbfadea02338df is-layout-flex wp-container-core-columns-is-layout-9d6595d7 wp-block-columns-is-layout-flex\">\n<div class=\"wp-block-column is-vertically-aligned-center coblocks-animate is-layout-flow wp-block-column-is-layout-flow\" style=\"flex-basis:50%\" data-coblocks-animation=\"slideInLeft\">\n<figure class=\"wp-block-video\"><video height=\"1088\" style=\"aspect-ratio: 1920 \/ 1088;\" width=\"1920\" controls src=\"http:\/\/documenta.org.mx\/somos-comunidad\/wp-content\/uploads\/2024\/11\/video-acceso-educacion.mp4\" playsinline><\/video><\/figure>\n<\/div>\n\n\n\n<div class=\"wp-block-column is-vertically-aligned-center is-layout-flow wp-block-column-is-layout-flow\" style=\"padding-top:var(--wp--preset--spacing--30);padding-right:var(--wp--preset--spacing--40);padding-bottom:var(--wp--preset--spacing--30);padding-left:var(--wp--preset--spacing--40)\">\n<h2 class=\"wp-block-heading has-blanco-color has-text-color has-link-color wp-elements-9238d410d391aab9a01b64eeca80b7d4\">Acceso desigual a la educaci\u00f3n<\/h2>\n\n\n\n<p>El 2.7% de los hombres y 3.5% de las mujeres sin discapacidad no sabe leer ni escribir. El 20.7% de hombres con discapacidad y el 21% de mujeres con discapacidad son analfabetas. (ENADIS, 2017)<\/p>\n\n\n\n<p>A educaci\u00f3n b\u00e1sica asiste el 79% de las mujeres con discapacidad, sin embargo s\u00f3lo el 19.6% asiste a educaci\u00f3n media superior y superior. (ENADIS, 2017)<\/p>\n<\/div>\n<\/div>\n\n\n\n<div class=\"wp-block-columns alignfull are-vertically-aligned-center has-blanco-color has-color-3-background-color has-text-color has-background has-link-color wp-elements-56c69179c6b12b0c966ce1a042740f66 is-layout-flex wp-container-core-columns-is-layout-9d6595d7 wp-block-columns-is-layout-flex\">\n<div class=\"wp-block-column is-vertically-aligned-center is-layout-flow wp-block-column-is-layout-flow\" style=\"padding-top:var(--wp--preset--spacing--30);padding-right:var(--wp--preset--spacing--40);padding-bottom:var(--wp--preset--spacing--30);padding-left:var(--wp--preset--spacing--40)\">\n<h2 class=\"wp-block-heading has-blanco-color has-text-color has-link-color wp-elements-5abb89d2d45a71bd77977eaeb33f3fe4\">Menor participaci\u00f3n en el mercado laboral<\/h2>\n\n\n\n<p>El 45.1% de los hombres con discapacidad est\u00e1n en el mercado laboral en comparaci\u00f3n con el 27.4% de las mujeres con discapacidad. (ENADIS, 2017)<\/p>\n\n\n\n<p>El 37.9% de las mujeres con discapacidad se dedican al trabajo no remunerado en el hogar, lo que se relaciona con el rezago educativo y los roles de g\u00e9nero. (ENADIS, 2017)<\/p>\n<\/div>\n\n\n\n<div class=\"wp-block-column is-vertically-aligned-center coblocks-animate is-layout-flow wp-block-column-is-layout-flow\" style=\"flex-basis:50%\" data-coblocks-animation=\"slideInRight\">\n<figure class=\"wp-block-video\"><video height=\"1088\" style=\"aspect-ratio: 1920 \/ 1088;\" width=\"1920\" controls src=\"http:\/\/documenta.org.mx\/somos-comunidad\/wp-content\/uploads\/2024\/11\/videos-participacion-mercado-laboral.mp4\" playsinline><\/video><\/figure>\n<\/div>\n<\/div>\n\n\n\n<div class=\"wp-block-columns alignfull are-vertically-aligned-center has-blanco-color has-color-5-background-color has-text-color has-background has-link-color wp-elements-a2f7a49cc90e2544690667191dd03a01 is-layout-flex wp-container-core-columns-is-layout-9d6595d7 wp-block-columns-is-layout-flex\">\n<div class=\"wp-block-column is-vertically-aligned-center coblocks-animate is-layout-flow wp-block-column-is-layout-flow\" style=\"flex-basis:50%\" data-coblocks-animation=\"slideInLeft\">\n<figure class=\"wp-block-video\"><video height=\"1088\" style=\"aspect-ratio: 1920 \/ 1088;\" width=\"1920\" controls src=\"http:\/\/documenta.org.mx\/somos-comunidad\/wp-content\/uploads\/2024\/11\/video-discriminacion.mp4\" playsinline><\/video><\/figure>\n<\/div>\n\n\n\n<div class=\"wp-block-column is-vertically-aligned-center is-layout-flow wp-block-column-is-layout-flow\" style=\"padding-top:var(--wp--preset--spacing--30);padding-right:var(--wp--preset--spacing--40);padding-bottom:var(--wp--preset--spacing--30);padding-left:var(--wp--preset--spacing--40)\">\n<h2 class=\"wp-block-heading has-blanco-color has-text-color has-link-color wp-elements-d489fe46a6ec0ff57e37e18d4159a062\">Discriminaci\u00f3n y poca o nula libertad de tomar decisiones<\/h2>\n\n\n\n<p>51.7% de las mujeres con discapacidad declar\u00f3 haber sido discriminada por alg\u00fan motivo o condici\u00f3n personal. (ENADIS, 2017)<\/p>\n\n\n\n<p>1 de cada 5 mujeres con discapacidad percibe poca o nula libertad para tomar decisiones, lo que incluye salir de casa o reunirse con familiares o amistades. (ENADIS, 2017)<\/p>\n<\/div>\n<\/div>\n\n\n\n<div class=\"wp-block-columns alignfull are-vertically-aligned-center has-blanco-color has-color-4-background-color has-text-color has-background has-link-color wp-elements-083fc4dfb9d35d053c1e79c96da31e26 is-layout-flex wp-container-core-columns-is-layout-9d6595d7 wp-block-columns-is-layout-flex\">\n<div class=\"wp-block-column is-vertically-aligned-center is-layout-flow wp-block-column-is-layout-flow\" style=\"padding-top:var(--wp--preset--spacing--30);padding-right:var(--wp--preset--spacing--40);padding-bottom:var(--wp--preset--spacing--30);padding-left:var(--wp--preset--spacing--40)\">\n<h2 class=\"wp-block-heading has-blanco-color has-text-color has-link-color wp-elements-526283dd13d50e20143d099e9bdf9214\">Altos niveles de violencia en la trayectoria de vida<\/h2>\n\n\n\n<p>El 72.6% de las mujeres con discapacidad de 15 a\u00f1os o m\u00e1s ha sufrido al menos un incidente de violencia en su vida. (ENDIREH, 2021)<\/p>\n\n\n\n<p>Los tipos de violencias m\u00e1s declarados por las mujeres con discapacidad a lo largo de sus vidas son: violencia psicol\u00f3gica (51.6%), violencia sexual (49.7%), violencia f\u00edsica (34.7%) y violencia econ\u00f3mica o patrimonial (27.4%). (ENDIREH, 2021)<\/p>\n<\/div>\n\n\n\n<div class=\"wp-block-column is-vertically-aligned-center coblocks-animate is-layout-flow wp-block-column-is-layout-flow\" style=\"flex-basis:50%\" data-coblocks-animation=\"slideInRight\">\n<figure class=\"wp-block-video\"><video height=\"1088\" style=\"aspect-ratio: 1920 \/ 1088;\" width=\"1920\" controls src=\"http:\/\/documenta.org.mx\/somos-comunidad\/wp-content\/uploads\/2024\/11\/videos-niveles-violencia.mp4\" playsinline><\/video><\/figure>\n<\/div>\n<\/div>\n","protected":false},"excerpt":{"rendered":"<p>Lo personal es pol\u00edtico De acuerdo al Censo de Poblaci\u00f3n y Vivienda 2020, en M\u00e9xico viven 6, 179, 890 personas con alg\u00fan tipo de discapacidad. De las cuales, el 53% son mujeres y el 47% son hombres.} Las mujeres con discapacidad constituyen una poblaci\u00f3n diversa con diferentes historias de vida. Entre ellas se incluyen mujeres&hellip; <a class=\"more-link\" href=\"https:\/\/www.documenta.org.mx\/somos-comunidad\/lo-personal-es-politico\/\">Seguir leyendo <span class=\"screen-reader-text\">Lo personal es pol\u00edtico<\/span><\/a><\/p>\n","protected":false},"author":1,"featured_media":0,"parent":0,"menu_order":0,"comment_status":"closed","ping_status":"closed","template":"sin-titulo.php","meta":{"_coblocks_attr":"","_coblocks_dimensions":"","_coblocks_responsive_height":"","_coblocks_accordion_ie_support":"","_uag_custom_page_level_css":"","_monsterinsights_skip_tracking":false,"_monsterinsights_sitenote_active":false,"_monsterinsights_sitenote_note":"","_monsterinsights_sitenote_category":0,"footnotes":""},"class_list":["post-27","page","type-page","status-publish","hentry","entry"],"aioseo_notices":[],"yoast_head":"<!-- This site is optimized with the Yoast SEO plugin v25.0 - https:\/\/yoast.com\/wordpress\/plugins\/seo\/ -->\n<title>Lo personal es pol\u00edtico - \u00a1Somos Comunidad!<\/title>\n<meta name=\"description\" content=\"Conoce los obst\u00e1culos que las mujeres con discapacidad afrontan en la mayor\u00eda de los \u00e1mbitos de la vida. Hablemos de sus necesidades y demandas.\" \/>\n<meta name=\"robots\" content=\"index, follow, max-snippet:-1, max-image-preview:large, max-video-preview:-1\" \/>\n<link rel=\"canonical\" href=\"https:\/\/www.documenta.org.mx\/somos-comunidad\/lo-personal-es-politico\/\" \/>\n<meta property=\"og:locale\" content=\"es_ES\" \/>\n<meta property=\"og:type\" content=\"article\" \/>\n<meta property=\"og:title\" content=\"Lo personal es pol\u00edtico - \u00a1Somos Comunidad!\" \/>\n<meta property=\"og:description\" content=\"Conoce los obst\u00e1culos que las mujeres con discapacidad afrontan en la mayor\u00eda de los \u00e1mbitos de la vida. Hablemos de sus necesidades y demandas.\" \/>\n<meta property=\"og:url\" content=\"https:\/\/www.documenta.org.mx\/somos-comunidad\/lo-personal-es-politico\/\" \/>\n<meta property=\"og:site_name\" content=\"\u00a1Somos Comunidad!\" \/>\n<meta property=\"article:modified_time\" content=\"2024-11-20T21:50:42+00:00\" \/>\n<meta property=\"og:image\" content=\"https:\/\/www.documenta.org.mx\/somos-comunidad\/wp-content\/uploads\/2024\/11\/mujeres-hablando-panel.jpg\" \/>\n\t<meta property=\"og:image:width\" content=\"1200\" \/>\n\t<meta property=\"og:image:height\" content=\"1200\" \/>\n\t<meta property=\"og:image:type\" content=\"image\/jpeg\" \/>\n<meta name=\"twitter:card\" content=\"summary_large_image\" \/>\n<meta name=\"twitter:label1\" content=\"Tiempo de lectura\" \/>\n\t<meta name=\"twitter:data1\" content=\"2 minutos\" \/>\n<script type=\"application\/ld+json\" class=\"yoast-schema-graph\">{\"@context\":\"https:\/\/schema.org\",\"@graph\":[{\"@type\":\"WebPage\",\"@id\":\"https:\/\/www.documenta.org.mx\/somos-comunidad\/lo-personal-es-politico\/\",\"url\":\"https:\/\/www.documenta.org.mx\/somos-comunidad\/lo-personal-es-politico\/\",\"name\":\"Lo personal es pol\u00edtico - \u00a1Somos Comunidad!\",\"isPartOf\":{\"@id\":\"https:\/\/www.documenta.org.mx\/somos-comunidad\/#website\"},\"primaryImageOfPage\":{\"@id\":\"https:\/\/www.documenta.org.mx\/somos-comunidad\/lo-personal-es-politico\/#primaryimage\"},\"image\":{\"@id\":\"https:\/\/www.documenta.org.mx\/somos-comunidad\/lo-personal-es-politico\/#primaryimage\"},\"thumbnailUrl\":\"http:\/\/documenta.org.mx\/somos-comunidad\/wp-content\/uploads\/2024\/11\/mujeres-hablando-panel.jpg\",\"datePublished\":\"2024-11-11T20:17:17+00:00\",\"dateModified\":\"2024-11-20T21:50:42+00:00\",\"description\":\"Conoce los obst\u00e1culos que las mujeres con discapacidad afrontan en la mayor\u00eda de los \u00e1mbitos de la vida. Hablemos de sus necesidades y demandas.\",\"breadcrumb\":{\"@id\":\"https:\/\/www.documenta.org.mx\/somos-comunidad\/lo-personal-es-politico\/#breadcrumb\"},\"inLanguage\":\"es\",\"potentialAction\":[{\"@type\":\"ReadAction\",\"target\":[\"https:\/\/www.documenta.org.mx\/somos-comunidad\/lo-personal-es-politico\/\"]}]},{\"@type\":\"ImageObject\",\"inLanguage\":\"es\",\"@id\":\"https:\/\/www.documenta.org.mx\/somos-comunidad\/lo-personal-es-politico\/#primaryimage\",\"url\":\"http:\/\/documenta.org.mx\/somos-comunidad\/wp-content\/uploads\/2024\/11\/mujeres-hablando-panel.jpg\",\"contentUrl\":\"http:\/\/documenta.org.mx\/somos-comunidad\/wp-content\/uploads\/2024\/11\/mujeres-hablando-panel.jpg\"},{\"@type\":\"BreadcrumbList\",\"@id\":\"https:\/\/www.documenta.org.mx\/somos-comunidad\/lo-personal-es-politico\/#breadcrumb\",\"itemListElement\":[{\"@type\":\"ListItem\",\"position\":1,\"name\":\"Inicio\",\"item\":\"https:\/\/www.documenta.org.mx\/somos-comunidad\/\"},{\"@type\":\"ListItem\",\"position\":2,\"name\":\"Lo personal es pol\u00edtico\"}]},{\"@type\":\"WebSite\",\"@id\":\"https:\/\/www.documenta.org.mx\/somos-comunidad\/#website\",\"url\":\"https:\/\/www.documenta.org.mx\/somos-comunidad\/\",\"name\":\"\u00a1Somos Comunidad!\",\"description\":\"Mujeres con discapacidad\",\"publisher\":{\"@id\":\"https:\/\/www.documenta.org.mx\/somos-comunidad\/#organization\"},\"potentialAction\":[{\"@type\":\"SearchAction\",\"target\":{\"@type\":\"EntryPoint\",\"urlTemplate\":\"https:\/\/www.documenta.org.mx\/somos-comunidad\/?s={search_term_string}\"},\"query-input\":{\"@type\":\"PropertyValueSpecification\",\"valueRequired\":true,\"valueName\":\"search_term_string\"}}],\"inLanguage\":\"es\"},{\"@type\":\"Organization\",\"@id\":\"https:\/\/www.documenta.org.mx\/somos-comunidad\/#organization\",\"name\":\"\u00a1Somos Comunidad!\",\"url\":\"https:\/\/www.documenta.org.mx\/somos-comunidad\/\",\"logo\":{\"@type\":\"ImageObject\",\"inLanguage\":\"es\",\"@id\":\"https:\/\/www.documenta.org.mx\/somos-comunidad\/#\/schema\/logo\/image\/\",\"url\":\"https:\/\/www.documenta.org.mx\/somos-comunidad\/wp-content\/uploads\/2024\/11\/somos-comunidad-logo.png\",\"contentUrl\":\"https:\/\/www.documenta.org.mx\/somos-comunidad\/wp-content\/uploads\/2024\/11\/somos-comunidad-logo.png\",\"width\":500,\"height\":573,\"caption\":\"\u00a1Somos Comunidad!\"},\"image\":{\"@id\":\"https:\/\/www.documenta.org.mx\/somos-comunidad\/#\/schema\/logo\/image\/\"}}]}<\/script>\n<!-- \/ Yoast SEO plugin. -->","yoast_head_json":{"title":"Lo personal es pol\u00edtico - \u00a1Somos Comunidad!","description":"Conoce los obst\u00e1culos que las mujeres con discapacidad afrontan en la mayor\u00eda de los \u00e1mbitos de la vida. Hablemos de sus necesidades y demandas.","robots":{"index":"index","follow":"follow","max-snippet":"max-snippet:-1","max-image-preview":"max-image-preview:large","max-video-preview":"max-video-preview:-1"},"canonical":"https:\/\/www.documenta.org.mx\/somos-comunidad\/lo-personal-es-politico\/","og_locale":"es_ES","og_type":"article","og_title":"Lo personal es pol\u00edtico - \u00a1Somos Comunidad!","og_description":"Conoce los obst\u00e1culos que las mujeres con discapacidad afrontan en la mayor\u00eda de los \u00e1mbitos de la vida. Hablemos de sus necesidades y demandas.","og_url":"https:\/\/www.documenta.org.mx\/somos-comunidad\/lo-personal-es-politico\/","og_site_name":"\u00a1Somos Comunidad!","article_modified_time":"2024-11-20T21:50:42+00:00","og_image":[{"width":1200,"height":1200,"url":"https:\/\/www.documenta.org.mx\/somos-comunidad\/wp-content\/uploads\/2024\/11\/mujeres-hablando-panel.jpg","type":"image\/jpeg"}],"twitter_card":"summary_large_image","twitter_misc":{"Tiempo de lectura":"2 minutos"},"schema":{"@context":"https:\/\/schema.org","@graph":[{"@type":"WebPage","@id":"https:\/\/www.documenta.org.mx\/somos-comunidad\/lo-personal-es-politico\/","url":"https:\/\/www.documenta.org.mx\/somos-comunidad\/lo-personal-es-politico\/","name":"Lo personal es pol\u00edtico - \u00a1Somos Comunidad!","isPartOf":{"@id":"https:\/\/www.documenta.org.mx\/somos-comunidad\/#website"},"primaryImageOfPage":{"@id":"https:\/\/www.documenta.org.mx\/somos-comunidad\/lo-personal-es-politico\/#primaryimage"},"image":{"@id":"https:\/\/www.documenta.org.mx\/somos-comunidad\/lo-personal-es-politico\/#primaryimage"},"thumbnailUrl":"http:\/\/documenta.org.mx\/somos-comunidad\/wp-content\/uploads\/2024\/11\/mujeres-hablando-panel.jpg","datePublished":"2024-11-11T20:17:17+00:00","dateModified":"2024-11-20T21:50:42+00:00","description":"Conoce los obst\u00e1culos que las mujeres con discapacidad afrontan en la mayor\u00eda de los \u00e1mbitos de la vida. Hablemos de sus necesidades y demandas.","breadcrumb":{"@id":"https:\/\/www.documenta.org.mx\/somos-comunidad\/lo-personal-es-politico\/#breadcrumb"},"inLanguage":"es","potentialAction":[{"@type":"ReadAction","target":["https:\/\/www.documenta.org.mx\/somos-comunidad\/lo-personal-es-politico\/"]}]},{"@type":"ImageObject","inLanguage":"es","@id":"https:\/\/www.documenta.org.mx\/somos-comunidad\/lo-personal-es-politico\/#primaryimage","url":"http:\/\/documenta.org.mx\/somos-comunidad\/wp-content\/uploads\/2024\/11\/mujeres-hablando-panel.jpg","contentUrl":"http:\/\/documenta.org.mx\/somos-comunidad\/wp-content\/uploads\/2024\/11\/mujeres-hablando-panel.jpg"},{"@type":"BreadcrumbList","@id":"https:\/\/www.documenta.org.mx\/somos-comunidad\/lo-personal-es-politico\/#breadcrumb","itemListElement":[{"@type":"ListItem","position":1,"name":"Inicio","item":"https:\/\/www.documenta.org.mx\/somos-comunidad\/"},{"@type":"ListItem","position":2,"name":"Lo personal es pol\u00edtico"}]},{"@type":"WebSite","@id":"https:\/\/www.documenta.org.mx\/somos-comunidad\/#website","url":"https:\/\/www.documenta.org.mx\/somos-comunidad\/","name":"\u00a1Somos Comunidad!","description":"Mujeres con discapacidad","publisher":{"@id":"https:\/\/www.documenta.org.mx\/somos-comunidad\/#organization"},"potentialAction":[{"@type":"SearchAction","target":{"@type":"EntryPoint","urlTemplate":"https:\/\/www.documenta.org.mx\/somos-comunidad\/?s={search_term_string}"},"query-input":{"@type":"PropertyValueSpecification","valueRequired":true,"valueName":"search_term_string"}}],"inLanguage":"es"},{"@type":"Organization","@id":"https:\/\/www.documenta.org.mx\/somos-comunidad\/#organization","name":"\u00a1Somos Comunidad!","url":"https:\/\/www.documenta.org.mx\/somos-comunidad\/","logo":{"@type":"ImageObject","inLanguage":"es","@id":"https:\/\/www.documenta.org.mx\/somos-comunidad\/#\/schema\/logo\/image\/","url":"https:\/\/www.documenta.org.mx\/somos-comunidad\/wp-content\/uploads\/2024\/11\/somos-comunidad-logo.png","contentUrl":"https:\/\/www.documenta.org.mx\/somos-comunidad\/wp-content\/uploads\/2024\/11\/somos-comunidad-logo.png","width":500,"height":573,"caption":"\u00a1Somos Comunidad!"},"image":{"@id":"https:\/\/www.documenta.org.mx\/somos-comunidad\/#\/schema\/logo\/image\/"}}]}},"uagb_featured_image_src":{"full":false,"thumbnail":false,"medium":false,"medium_large":false,"large":false,"1536x1536":false,"2048x2048":false,"post-thumbnail":false},"uagb_author_info":{"display_name":"admin","author_link":"https:\/\/www.documenta.org.mx\/somos-comunidad\/author\/admin\/"},"uagb_comment_info":0,"uagb_excerpt":"Lo personal es pol\u00edtico De acuerdo al Censo de Poblaci\u00f3n y Vivienda 2020, en M\u00e9xico viven 6, 179, 890 personas con alg\u00fan tipo de discapacidad. De las cuales, el 53% son mujeres y el 47% son hombres.} Las mujeres con discapacidad constituyen una poblaci\u00f3n diversa con diferentes historias de vida. Entre ellas se incluyen mujeres&hellip;&hellip;","_links":{"self":[{"href":"https:\/\/www.documenta.org.mx\/somos-comunidad\/wp-json\/wp\/v2\/pages\/27","targetHints":{"allow":["GET"]}}],"collection":[{"href":"https:\/\/www.documenta.org.mx\/somos-comunidad\/wp-json\/wp\/v2\/pages"}],"about":[{"href":"https:\/\/www.documenta.org.mx\/somos-comunidad\/wp-json\/wp\/v2\/types\/page"}],"author":[{"embeddable":true,"href":"https:\/\/www.documenta.org.mx\/somos-comunidad\/wp-json\/wp\/v2\/users\/1"}],"replies":[{"embeddable":true,"href":"https:\/\/www.documenta.org.mx\/somos-comunidad\/wp-json\/wp\/v2\/comments?post=27"}],"version-history":[{"count":38,"href":"https:\/\/www.documenta.org.mx\/somos-comunidad\/wp-json\/wp\/v2\/pages\/27\/revisions"}],"predecessor-version":[{"id":549,"href":"https:\/\/www.documenta.org.mx\/somos-comunidad\/wp-json\/wp\/v2\/pages\/27\/revisions\/549"}],"wp:attachment":[{"href":"https:\/\/www.documenta.org.mx\/somos-comunidad\/wp-json\/wp\/v2\/media?parent=27"}],"curies":[{"name":"wp","href":"https:\/\/api.w.org\/{rel}","templated":true}]}}